{"id":189,"date":"2023-12-04T17:35:54","date_gmt":"2023-12-04T16:35:54","guid":{"rendered":"https:\/\/platanbisztro.hu\/?page_id=189"},"modified":"2025-03-12T14:03:05","modified_gmt":"2025-03-12T13:03:05","slug":"asztalfoglalas","status":"publish","type":"page","link":"https:\/\/platanbisztro.hu\/en\/asztalfoglalas\/","title":{"rendered":"Reservation"},"content":{"rendered":"<div data-elementor-type=\"wp-post\" data-elementor-id=\"189\" class=\"elementor elementor-189\" data-elementor-post-type=\"page\">\n\t\t\t\t<div class=\"elementor-element elementor-element-79e27cb e-flex e-con-boxed e-con e-parent\" data-id=\"79e27cb\" data-element_type=\"container\" data-settings=\"{&quot;background_background&quot;:&quot;classic&quot;}\">\n\t\t\t\t\t<div class=\"e-con-inner\">\n\t\t<div class=\"elementor-element elementor-element-9b36382 e-con-full e-flex e-con e-child\" data-id=\"9b36382\" data-element_type=\"container\" data-settings=\"{&quot;background_background&quot;:&quot;video&quot;}\">\n\t\t\t\t<div class=\"elementor-element elementor-element-a0c15a3 elementor-mobile-align-justify elementor-align-left elementor-widget__width-auto elementor-widget-mobile__width-inherit elementor-widget elementor-widget-button\" data-id=\"a0c15a3\" data-element_type=\"widget\" data-widget_type=\"button.default\">\n\t\t\t\t<div class=\"elementor-widget-container\">\n\t\t\t\t\t\t\t\t\t<div class=\"elementor-button-wrapper\">\n\t\t\t\t\t<a class=\"elementor-button elementor-button-link elementor-size-sm\" href=\"https:\/\/platanbisztro.hu\/en\/\">\n\t\t\t\t\t\t<span class=\"elementor-button-content-wrapper\">\n\t\t\t\t\t\t\t\t\t<span class=\"elementor-button-text\">Back<\/span>\n\t\t\t\t\t<\/span>\n\t\t\t\t\t<\/a>\n\t\t\t\t<\/div>\n\t\t\t\t\t\t\t\t<\/div>\n\t\t\t\t<\/div>\n\t\t\t\t<div class=\"elementor-element elementor-element-1255c42 elementor-widget elementor-widget-spacer\" data-id=\"1255c42\" data-element_type=\"widget\" data-widget_type=\"spacer.default\">\n\t\t\t\t<div class=\"elementor-widget-container\">\n\t\t\t\t\t\t\t<div class=\"elementor-spacer\">\n\t\t\t<div class=\"elementor-spacer-inner\"><\/div>\n\t\t<\/div>\n\t\t\t\t\t\t<\/div>\n\t\t\t\t<\/div>\n\t\t\t\t<div class=\"elementor-element elementor-element-f3508d0 elementor-widget elementor-widget-heading\" data-id=\"f3508d0\" data-element_type=\"widget\" data-widget_type=\"heading.default\">\n\t\t\t\t<div class=\"elementor-widget-container\">\n\t\t\t\t\t<h2 class=\"elementor-heading-title elementor-size-default\">RESERVATION<\/h2>\t\t\t\t<\/div>\n\t\t\t\t<\/div>\n\t\t\t\t<div class=\"elementor-element elementor-element-b2f5fb3 elementor-widget elementor-widget-heading\" data-id=\"b2f5fb3\" data-element_type=\"widget\" data-widget_type=\"heading.default\">\n\t\t\t\t<div class=\"elementor-widget-container\">\n\t\t\t\t\t<p class=\"elementor-heading-title elementor-size-default\"><a href=\"tel:+3634380564\">+36 34 380 564<\/a><\/p>\t\t\t\t<\/div>\n\t\t\t\t<\/div>\n\t\t\t\t<div class=\"elementor-element elementor-element-1effefc elementor-widget elementor-widget-text-editor\" data-id=\"1effefc\" data-element_type=\"widget\" data-widget_type=\"text-editor.default\">\n\t\t\t\t<div class=\"elementor-widget-container\">\n\t\t\t\t\t\t\t\t\t<p>We kindly ask our guests to arrive at the reserved time. Should you anticipate a delay, please contact us by phone. Without prior notice, we are able to hold your table for up to 15 minutes, after which it may be offered to other guests. Thank you for your understanding.<\/p>\t\t\t\t\t\t\t\t<\/div>\n\t\t\t\t<\/div>\n\t\t\t\t<\/div>\n\t\t\t\t\t<\/div>\n\t\t\t\t<\/div>\n\t\t<div class=\"elementor-element elementor-element-8be33f7 e-flex e-con-boxed e-con e-parent\" data-id=\"8be33f7\" data-element_type=\"container\" data-settings=\"{&quot;background_background&quot;:&quot;classic&quot;}\">\n\t\t\t\t\t<div class=\"e-con-inner\">\n\t\t<div class=\"elementor-element elementor-element-511fb8a e-con-full elementor-hidden-mobile e-flex e-con e-child\" data-id=\"511fb8a\" data-element_type=\"container\">\n\t\t\t\t<div class=\"elementor-element elementor-element-b5158ad elementor-widget elementor-widget-image\" data-id=\"b5158ad\" data-element_type=\"widget\" data-widget_type=\"image.default\">\n\t\t\t\t<div class=\"elementor-widget-container\">\n\t\t\t\t\t\t\t\t\t\t\t\t\t\t\t<img decoding=\"async\" width=\"232\" height=\"165\" src=\"https:\/\/platanbisztro.hu\/wp-content\/uploads\/2025\/01\/platan_bisztro_2024_logo_EN.png\" class=\"attachment-full size-full wp-image-1425\" alt=\"\" srcset=\"https:\/\/platanbisztro.hu\/wp-content\/uploads\/2025\/01\/platan_bisztro_2024_logo_EN.png 232w, https:\/\/platanbisztro.hu\/wp-content\/uploads\/2025\/01\/platan_bisztro_2024_logo_EN-18x12.png 18w\" sizes=\"(max-width: 232px) 100vw, 232px\" \/>\t\t\t\t\t\t\t\t\t\t\t\t\t\t\t<\/div>\n\t\t\t\t<\/div>\n\t\t\t\t<\/div>\n\t\t<div class=\"elementor-element elementor-element-b5814aa e-con-full e-flex e-con e-child\" data-id=\"b5814aa\" data-element_type=\"container\">\n\t\t\t\t<div class=\"elementor-element elementor-element-9724c52 elementor-widget elementor-widget-heading\" data-id=\"9724c52\" data-element_type=\"widget\" data-widget_type=\"heading.default\">\n\t\t\t\t<div class=\"elementor-widget-container\">\n\t\t\t\t\t<p class=\"elementor-heading-title elementor-size-default\">PLAT\u00c1N Bistro<\/p>\t\t\t\t<\/div>\n\t\t\t\t<\/div>\n\t\t\t\t<div class=\"elementor-element elementor-element-8696f74 elementor-widget elementor-widget-heading\" data-id=\"8696f74\" data-element_type=\"widget\" data-widget_type=\"heading.default\">\n\t\t\t\t<div class=\"elementor-widget-container\">\n\t\t\t\t\t<p class=\"elementor-heading-title elementor-size-default\">Reservation:<\/p>\t\t\t\t<\/div>\n\t\t\t\t<\/div>\n\t\t\t\t<div class=\"elementor-element elementor-element-9ef72f1 elementor-widget elementor-widget-heading\" data-id=\"9ef72f1\" data-element_type=\"widget\" data-widget_type=\"heading.default\">\n\t\t\t\t<div class=\"elementor-widget-container\">\n\t\t\t\t\t<p class=\"elementor-heading-title elementor-size-default\"><a href=\"tel:+3634380564\">+ 36 34 380 564<\/a><\/p>\t\t\t\t<\/div>\n\t\t\t\t<\/div>\n\t\t\t\t<div class=\"elementor-element elementor-element-e727ddf elementor-widget elementor-widget-heading\" data-id=\"e727ddf\" data-element_type=\"widget\" data-widget_type=\"heading.default\">\n\t\t\t\t<div class=\"elementor-widget-container\">\n\t\t\t\t\t<p class=\"elementor-heading-title elementor-size-default\">OPENING TIMES<\/p>\t\t\t\t<\/div>\n\t\t\t\t<\/div>\n\t\t\t\t<div class=\"elementor-element elementor-element-94f725d elementor-widget elementor-widget-heading\" data-id=\"94f725d\" data-element_type=\"widget\" data-widget_type=\"heading.default\">\n\t\t\t\t<div class=\"elementor-widget-container\">\n\t\t\t\t\t<p class=\"elementor-heading-title elementor-size-default\">Monday-Saturday: 12:00-22:00<br>(Kitchen: 12:00-20.30)<br>\nSunday: 12:00-19:00<br>(Kitchen: 12:00-17.30)\n<\/p>\t\t\t\t<\/div>\n\t\t\t\t<\/div>\n\t\t\t\t<\/div>\n\t\t<div class=\"elementor-element elementor-element-c30c7d6 e-con-full e-flex e-con e-child\" data-id=\"c30c7d6\" data-element_type=\"container\">\n\t\t\t\t<div class=\"elementor-element elementor-element-5ac7f61 elementor-widget elementor-widget-heading\" data-id=\"5ac7f61\" data-element_type=\"widget\" data-widget_type=\"heading.default\">\n\t\t\t\t<div class=\"elementor-widget-container\">\n\t\t\t\t\t<p class=\"elementor-heading-title elementor-size-default\">Address:<\/p>\t\t\t\t<\/div>\n\t\t\t\t<\/div>\n\t\t\t\t<div class=\"elementor-element elementor-element-dc05628 elementor-widget elementor-widget-heading\" data-id=\"dc05628\" data-element_type=\"widget\" data-widget_type=\"heading.default\">\n\t\t\t\t<div class=\"elementor-widget-container\">\n\t\t\t\t\t<p class=\"elementor-heading-title elementor-size-default\">2890 Tata, Kast\u00e9ly t\u00e9r 6.<\/p>\t\t\t\t<\/div>\n\t\t\t\t<\/div>\n\t\t<div class=\"elementor-element elementor-element-8b9e2a1 e-con-full e-flex e-con e-child\" data-id=\"8b9e2a1\" data-element_type=\"container\">\n\t\t\t\t<div class=\"elementor-element elementor-element-e845217 elementor-icon-list--layout-inline elementor-widget__width-auto elementor-mobile-align-center elementor-widget-tablet__width-inherit elementor-list-item-link-full_width elementor-widget elementor-widget-icon-list\" data-id=\"e845217\" data-element_type=\"widget\" data-widget_type=\"icon-list.default\">\n\t\t\t\t<div class=\"elementor-widget-container\">\n\t\t\t\t\t\t\t<ul class=\"elementor-icon-list-items elementor-inline-items\">\n\t\t\t\t\t\t\t<li class=\"elementor-icon-list-item elementor-inline-item\">\n\t\t\t\t\t\t\t\t\t\t\t<a href=\"https:\/\/www.facebook.com\/platantata\/\" target=\"_blank\" rel=\"noopener\">\n\n\t\t\t\t\t\t\t\t\t\t\t\t<span class=\"elementor-icon-list-icon\">\n\t\t\t\t\t\t\t<svg aria-hidden=\"true\" class=\"e-font-icon-svg e-fab-facebook\" viewbox=\"0 0 512 512\" xmlns=\"http:\/\/www.w3.org\/2000\/svg\"><path d=\"M504 256C504 119 393 8 256 8S8 119 8 256c0 123.78 90.69 226.38 209.25 245V327.69h-63V256h63v-54.64c0-62.15 37-96.48 93.67-96.48 27.14 0 55.52 4.84 55.52 4.84v61h-31.28c-30.8 0-40.41 19.12-40.41 38.73V256h68.78l-11 71.69h-57.78V501C413.31 482.38 504 379.78 504 256z\"><\/path><\/svg>\t\t\t\t\t\t<\/span>\n\t\t\t\t\t\t\t\t\t\t<span class=\"elementor-icon-list-text\"><\/span>\n\t\t\t\t\t\t\t\t\t\t\t<\/a>\n\t\t\t\t\t\t\t\t\t<\/li>\n\t\t\t\t\t\t\t\t<li class=\"elementor-icon-list-item elementor-inline-item\">\n\t\t\t\t\t\t\t\t\t\t\t<a href=\"https:\/\/www.instagram.com\/platan_tata_bisztro\/\" target=\"_blank\" rel=\"noopener\">\n\n\t\t\t\t\t\t\t\t\t\t\t\t<span class=\"elementor-icon-list-icon\">\n\t\t\t\t\t\t\t<svg aria-hidden=\"true\" class=\"e-font-icon-svg e-fab-instagram\" viewbox=\"0 0 448 512\" xmlns=\"http:\/\/www.w3.org\/2000\/svg\"><path d=\"M224.1 141c-63.6 0-114.9 51.3-114.9 114.9s51.3 114.9 114.9 114.9S339 319.5 339 255.9 287.7 141 224.1 141zm0 189.6c-41.1 0-74.7-33.5-74.7-74.7s33.5-74.7 74.7-74.7 74.7 33.5 74.7 74.7-33.6 74.7-74.7 74.7zm146.4-194.3c0 14.9-12 26.8-26.8 26.8-14.9 0-26.8-12-26.8-26.8s12-26.8 26.8-26.8 26.8 12 26.8 26.8zm76.1 27.2c-1.7-35.9-9.9-67.7-36.2-93.9-26.2-26.2-58-34.4-93.9-36.2-37-2.1-147.9-2.1-184.9 0-35.8 1.7-67.6 9.9-93.9 36.1s-34.4 58-36.2 93.9c-2.1 37-2.1 147.9 0 184.9 1.7 35.9 9.9 67.7 36.2 93.9s58 34.4 93.9 36.2c37 2.1 147.9 2.1 184.9 0 35.9-1.7 67.7-9.9 93.9-36.2 26.2-26.2 34.4-58 36.2-93.9 2.1-37 2.1-147.8 0-184.8zM398.8 388c-7.8 19.6-22.9 34.7-42.6 42.6-29.5 11.7-99.5 9-132.1 9s-102.7 2.6-132.1-9c-19.6-7.8-34.7-22.9-42.6-42.6-11.7-29.5-9-99.5-9-132.1s-2.6-102.7 9-132.1c7.8-19.6 22.9-34.7 42.6-42.6 29.5-11.7 99.5-9 132.1-9s102.7-2.6 132.1 9c19.6 7.8 34.7 22.9 42.6 42.6 11.7 29.5 9 99.5 9 132.1s2.7 102.7-9 132.1z\"><\/path><\/svg>\t\t\t\t\t\t<\/span>\n\t\t\t\t\t\t\t\t\t\t<span class=\"elementor-icon-list-text\"><\/span>\n\t\t\t\t\t\t\t\t\t\t\t<\/a>\n\t\t\t\t\t\t\t\t\t<\/li>\n\t\t\t\t\t\t\t\t<li class=\"elementor-icon-list-item elementor-inline-item\">\n\t\t\t\t\t\t\t\t\t\t\t<a href=\"https:\/\/www.tripadvisor.com\/Restaurant_Review-g274917-d1524386-Reviews-Platan_Bisztro-Tata_Komarom_Esztergom_County_Central_Transdanubia.html\" target=\"_blank\" rel=\"noopener\">\n\n\t\t\t\t\t\t\t\t\t\t\t\t<span class=\"elementor-icon-list-icon\">\n\t\t\t\t\t\t\t<svg aria-hidden=\"true\" class=\"e-font-icon-svg e-fab-tripadvisor\" viewbox=\"0 0 576 512\" xmlns=\"http:\/\/www.w3.org\/2000\/svg\"><path d=\"M528.91,178.82,576,127.58H471.66a326.11,326.11,0,0,0-367,0H0l47.09,51.24A143.911,143.911,0,0,0,241.86,390.73L288,440.93l46.11-50.17A143.94,143.94,0,0,0,575.88,285.18h-.03A143.56,143.56,0,0,0,528.91,178.82ZM144.06,382.57a97.39,97.39,0,1,1,97.39-97.39A97.39,97.39,0,0,1,144.06,382.57ZM288,282.37c0-64.09-46.62-119.08-108.09-142.59a281,281,0,0,1,216.17,0C334.61,163.3,288,218.29,288,282.37Zm143.88,100.2h-.01a97.405,97.405,0,1,1,.01,0ZM144.06,234.12h-.01a51.06,51.06,0,1,0,51.06,51.06v-.11A51,51,0,0,0,144.06,234.12Zm287.82,0a51.06,51.06,0,1,0,51.06,51.06A51.06,51.06,0,0,0,431.88,234.12Z\"><\/path><\/svg>\t\t\t\t\t\t<\/span>\n\t\t\t\t\t\t\t\t\t\t<span class=\"elementor-icon-list-text\"><\/span>\n\t\t\t\t\t\t\t\t\t\t\t<\/a>\n\t\t\t\t\t\t\t\t\t<\/li>\n\t\t\t\t\t\t<\/ul>\n\t\t\t\t\t\t<\/div>\n\t\t\t\t<\/div>\n\t\t\t\t<\/div>\n\t\t\t\t<div class=\"elementor-element elementor-element-92350de elementor-widget elementor-widget-heading\" data-id=\"92350de\" data-element_type=\"widget\" data-widget_type=\"heading.default\">\n\t\t\t\t<div class=\"elementor-widget-container\">\n\t\t\t\t\t<p class=\"elementor-heading-title elementor-size-default\"><a href=\"https:\/\/platanbisztro.hu\/en\/adatvedelmi-tajekoztato\/\" target=\"_blank\">PRIVACY POLICY<\/a><\/p>\t\t\t\t<\/div>\n\t\t\t\t<\/div>\n\t\t\t\t<div class=\"elementor-element elementor-element-d0dfe55 elementor-widget elementor-widget-heading\" data-id=\"d0dfe55\" data-element_type=\"widget\" data-widget_type=\"heading.default\">\n\t\t\t\t<div class=\"elementor-widget-container\">\n\t\t\t\t\t<p class=\"elementor-heading-title elementor-size-default\"><a href=\"https:\/\/platanbisztro.hu\/en\/altalanos-szerzodesi-feltetelek\/\" target=\"_blank\">Terms and conditions<\/a><\/p>\t\t\t\t<\/div>\n\t\t\t\t<\/div>\n\t\t\t\t<div class=\"elementor-element elementor-element-d4300b2 elementor-widget elementor-widget-image\" data-id=\"d4300b2\" data-element_type=\"widget\" data-widget_type=\"image.default\">\n\t\t\t\t<div class=\"elementor-widget-container\">\n\t\t\t\t\t\t\t\t\t\t\t\t\t\t\t<img decoding=\"async\" width=\"123\" height=\"28\" src=\"https:\/\/platanbisztro.hu\/wp-content\/uploads\/2023\/12\/szepkartya.png\" class=\"attachment-full size-full wp-image-137\" alt=\"\" \/>\t\t\t\t\t\t\t\t\t\t\t\t\t\t\t<\/div>\n\t\t\t\t<\/div>\n\t\t\t\t<div class=\"elementor-element elementor-element-eedd15d elementor-widget elementor-widget-image\" data-id=\"eedd15d\" data-element_type=\"widget\" data-widget_type=\"image.default\">\n\t\t\t\t<div class=\"elementor-widget-container\">\n\t\t\t\t\t\t\t\t\t\t\t\t\t\t\t<img decoding=\"async\" width=\"195\" height=\"24\" src=\"https:\/\/platanbisztro.hu\/wp-content\/uploads\/2023\/12\/bankkartya.png\" class=\"attachment-large size-large wp-image-136\" alt=\"\" \/>\t\t\t\t\t\t\t\t\t\t\t\t\t\t\t<\/div>\n\t\t\t\t<\/div>\n\t\t\t\t<div class=\"elementor-element elementor-element-bb0d770 elementor-widget elementor-widget-image\" data-id=\"bb0d770\" data-element_type=\"widget\" data-widget_type=\"image.default\">\n\t\t\t\t<div class=\"elementor-widget-container\">\n\t\t\t\t\t\t\t\t\t\t\t\t\t\t\t<img loading=\"lazy\" decoding=\"async\" width=\"800\" height=\"178\" src=\"https:\/\/platanbisztro.hu\/wp-content\/uploads\/2024\/12\/tamogatas-1024x228.png\" class=\"attachment-large size-large wp-image-973\" alt=\"\" srcset=\"https:\/\/platanbisztro.hu\/wp-content\/uploads\/2024\/12\/tamogatas-1024x228.png 1024w, https:\/\/platanbisztro.hu\/wp-content\/uploads\/2024\/12\/tamogatas-300x67.png 300w, https:\/\/platanbisztro.hu\/wp-content\/uploads\/2024\/12\/tamogatas-768x171.png 768w, https:\/\/platanbisztro.hu\/wp-content\/uploads\/2024\/12\/tamogatas-18x4.png 18w, https:\/\/platanbisztro.hu\/wp-content\/uploads\/2024\/12\/tamogatas.png 1179w\" sizes=\"(max-width: 800px) 100vw, 800px\" \/>\t\t\t\t\t\t\t\t\t\t\t\t\t\t\t<\/div>\n\t\t\t\t<\/div>\n\t\t\t\t<\/div>\n\t\t<div class=\"elementor-element elementor-element-a9ad6ff e-con-full elementor-hidden-desktop elementor-hidden-tablet e-flex e-con e-child\" data-id=\"a9ad6ff\" data-element_type=\"container\">\n\t\t\t\t<div class=\"elementor-element elementor-element-a9eb8f7 elementor-widget elementor-widget-image\" data-id=\"a9eb8f7\" data-element_type=\"widget\" data-widget_type=\"image.default\">\n\t\t\t\t<div class=\"elementor-widget-container\">\n\t\t\t\t\t\t\t\t\t\t\t\t\t\t\t<img decoding=\"async\" width=\"232\" height=\"165\" src=\"https:\/\/platanbisztro.hu\/wp-content\/uploads\/2025\/01\/platan_bisztro_2024_logo_EN.png\" class=\"attachment-full size-full wp-image-1425\" alt=\"\" srcset=\"https:\/\/platanbisztro.hu\/wp-content\/uploads\/2025\/01\/platan_bisztro_2024_logo_EN.png 232w, https:\/\/platanbisztro.hu\/wp-content\/uploads\/2025\/01\/platan_bisztro_2024_logo_EN-18x12.png 18w\" sizes=\"(max-width: 232px) 100vw, 232px\" \/>\t\t\t\t\t\t\t\t\t\t\t\t\t\t\t<\/div>\n\t\t\t\t<\/div>\n\t\t\t\t<\/div>\n\t\t\t\t\t<\/div>\n\t\t\t\t<\/div>\n\t\t<div class=\"elementor-element elementor-element-9ba17c7 e-flex e-con-boxed e-con e-parent\" data-id=\"9ba17c7\" data-element_type=\"container\" data-settings=\"{&quot;background_background&quot;:&quot;classic&quot;}\">\n\t\t\t\t\t<div class=\"e-con-inner\">\n\t\t\t\t<div class=\"elementor-element elementor-element-4fd2fbd elementor-widget elementor-widget-heading\" data-id=\"4fd2fbd\" data-element_type=\"widget\" data-widget_type=\"heading.default\">\n\t\t\t\t<div class=\"elementor-widget-container\">\n\t\t\t\t\t<p class=\"elementor-heading-title elementor-size-default\">All rights reserved \u00a9 Platan Bisztr\u00f3 2024<\/p>\t\t\t\t<\/div>\n\t\t\t\t<\/div>\n\t\t\t\t\t<\/div>\n\t\t\t\t<\/div>\n\t\t\t\t<\/div>","protected":false},"excerpt":{"rendered":"<p>Vissza ASZTALFOGLAL\u00c1S +36 34 380 564 Asztalfoglal\u00e1s eset\u00e9n a lefoglalt id\u0151pontban v\u00e1rjuk vend\u00e9geinket. Amennyiben k\u00e9s\u00e9s v\u00e1rhat\u00f3, k\u00e9rj\u00fck, jelezz\u00e9k el\u0151re. Amennyiben a k\u00e9s\u00e9sr\u0151l nem \u00e9rkezik \u00e9rtes\u00edt\u00e9s, az asztalt 15 percig tudjuk fenntartani, ezt k\u00f6vet\u0151en \u00e9rkez\u0151 vend\u00e9geink sz\u00e1m\u00e1ra felszabad\u00edtjuk. K\u00f6sz\u00f6nj\u00fck meg\u00e9rt\u00e9s\u00fcket \u00e9s egy\u00fcttm\u0171k\u00f6d\u00e9s\u00fcket! PLAT\u00c1N Bisztr\u00f3 Asztalfoglal\u00e1s: + 36 34 380 564 NYITVATART\u00c1S H\u00e9tf\u0151-szombat: 12:00-22:00(konyha: 12:00-20.30) Vas\u00e1rnap: 12:00-19:00(konyha: [&hellip;]<\/p>","protected":false},"author":1,"featured_media":0,"parent":0,"menu_order":0,"comment_status":"closed","ping_status":"closed","template":"elementor_canvas","meta":{"footnotes":""},"class_list":["post-189","page","type-page","status-publish","hentry"],"_links":{"self":[{"href":"https:\/\/platanbisztro.hu\/en\/wp-json\/wp\/v2\/pages\/189","targetHints":{"allow":["GET"]}}],"collection":[{"href":"https:\/\/platanbisztro.hu\/en\/wp-json\/wp\/v2\/pages"}],"about":[{"href":"https:\/\/platanbisztro.hu\/en\/wp-json\/wp\/v2\/types\/page"}],"author":[{"embeddable":true,"href":"https:\/\/platanbisztro.hu\/en\/wp-json\/wp\/v2\/users\/1"}],"replies":[{"embeddable":true,"href":"https:\/\/platanbisztro.hu\/en\/wp-json\/wp\/v2\/comments?post=189"}],"version-history":[{"count":58,"href":"https:\/\/platanbisztro.hu\/en\/wp-json\/wp\/v2\/pages\/189\/revisions"}],"predecessor-version":[{"id":1668,"href":"https:\/\/platanbisztro.hu\/en\/wp-json\/wp\/v2\/pages\/189\/revisions\/1668"}],"wp:attachment":[{"href":"https:\/\/platanbisztro.hu\/en\/wp-json\/wp\/v2\/media?parent=189"}],"curies":[{"name":"wp","href":"https:\/\/api.w.org\/{rel}","templated":true}]}}